{"id":3355,"date":"2025-06-08T22:42:36","date_gmt":"2025-06-08T19:42:36","guid":{"rendered":"https:\/\/www.begonvilhobiveorguevi.com\/?post_type=product&#038;p=3355"},"modified":"2026-02-09T13:47:08","modified_gmt":"2026-02-09T10:47:08","slug":"alize-baby-best-no62","status":"publish","type":"product","link":"https:\/\/www.begonvilhobiveorguevi.com\/?product=alize-baby-best-no62","title":{"rendered":"Alize Baby Best No:62"},"content":{"rendered":"<div class=\"row\">\n<div id=\"productDetailTab\" class=\"col col-12 mb\">\n<p><strong>Kullan\u0131m Alan\u0131 :<\/strong>\u00a0Kazak, yelek, bere, s\u00fcveter vb. \u00fcr\u00fcnlerinin yap\u0131m\u0131nda kullan\u0131l\u0131r.<\/p>\n<p><strong>Kar\u0131\u015f\u0131m\u00a0<\/strong>: %10 Bambu -%90 Akrilik(Bu \u00fcr\u00fcnde anti-pilling \u00f6zellikli akrilik kullan\u0131lm\u0131\u015ft\u0131r.)<\/p>\n<p><strong>Metraj\u00a0<\/strong>: 100 gr &#8211; 240 m<\/p>\n<p><strong>\u0130plik Cinsi :\u00a0<\/strong>Klasik<\/p>\n<p><strong>\u015ei\u015f No :<\/strong>\u00a04mm-5mm<\/p>\n<p><strong>T\u0131\u011f No :<\/strong>\u00a02mm-4mm<\/p>\n<p><strong>Sezon :\u00a0<\/strong>Sonbahar \/ K\u0131\u015f Koleksiyon<\/p>\n<p><strong>Uyar\u0131\u00a0<\/strong>: \u00dcr\u00fcn resimleri Ekranda g\u00f6z\u00fcken renkler ile ger\u00e7ek iplik rengi farkl\u0131l\u0131k g\u00f6sterebilir<\/p>\n<p>&nbsp;<\/p>\n<p>Alize Baby Best El \u00d6rg\u00fc \u0130pi, her amaca uygun klasik bir iptir. Bol renk \u00e7e\u015fidi ile \u00f6n plana \u00e7\u0131kmaktad\u0131r. Sonbahar-K\u0131\u015f koleksiyonuna ait bir \u00fcr\u00fcnd\u00fcr. Kazak, yelek, s\u00fcveter ve daha bir\u00e7ok \u00f6rg\u00fcde kullan\u0131ma uygundur. % 90 Akrilik, % 10 Bambu \u2018 dan \u00fcretilmi\u015ftir. 100 gram a\u011f\u0131rl\u0131\u011f\u0131nda, 240 metre uzunlu\u011fundad\u0131r. \u00dcretici firma taraf\u0131ndan 4-5 numara \u015fi\u015f ve ya 2-4 numara t\u0131\u011f ile \u00f6r\u00fclmesi tavsiye edilmektedir. Bu \u00fcr\u00fcnde anti-pilling \u00f6zellikli akrilik kullan\u0131lm\u0131\u015ft\u0131r. Ekranda g\u00f6z\u00fcken renkler g\u00f6rseli inceledi\u011finiz cihaz\u0131n\u0131z\u0131n \u00f6zellikleri ve bulundu\u011funuz ortam\u0131n \u0131\u015f\u0131k yans\u0131mas\u0131na g\u00f6re ger\u00e7ek iplik rengi ile farkl\u0131l\u0131k g\u00f6sterebilir. Farkl\u0131 \u00fcretim serilerine ait \u00fcr\u00fcnler aras\u0131nda renk fark\u0131 olu\u015fabilmektedir. Bu \u00fcr\u00fcn\u00fc \u00f6rg\u00fcn\u00fczde ihtiya\u00e7 olan miktar\u0131 hesaplayarak, gerekirse 1 adet fazla temin etmeniz tavsiye edilir. Alize Baby Best El \u00d6rg\u00fc \u0130pi ile \u00f6rd\u00fc\u011f\u00fcn\u00fcz \u00f6rg\u00fclerinizi elde y\u0131kaman\u0131z \u00f6nerilir. \u00c7ama\u015f\u0131r makinas\u0131nda 30 derecede y\u0131kay\u0131n\u0131z. M\u00fcmk\u00fcnse sererek kurutunuz. D\u00fc\u015f\u00fck \u0131s\u0131 ile \u00fct\u00fc yap\u0131labilir. \u00d6rg\u00fclerinizi daha uzun s\u00fcreli kullanmak i\u00e7in y\u0131kama talimat\u0131na uyman\u0131z tavsiye edilir.<\/p>\n<\/div>\n<\/div>\n","protected":false},"excerpt":{"rendered":"<p>Kazak, yelek, bere, s\u00fcveter vb. \u00fcr\u00fcnlerinin yap\u0131m\u0131nda kullan\u0131l\u0131r.<\/p>\n","protected":false},"featured_media":3356,"template":"","meta":{"_bst_post_transparent":"default","_bst_post_title":"","_bst_post_layout":"default","_bst_post_sidebar_id":"","_bst_post_content_style":"default","_bst_post_vertical_padding":"default","_bst_post_feature":"","_bst_post_feature_position":"","_bst_post_header":false,"_bst_post_footer":false},"product_brand":[134],"product_cat":[136],"product_tag":[],"product_brands":[133],"class_list":{"0":"post-3355","1":"product","2":"type-product","3":"status-publish","4":"has-post-thumbnail","6":"product_brand-alize","7":"product_cat-alize-baby-best","8":"product_brands-alize","10":"first","11":"instock","12":"taxable","13":"shipping-taxable","14":"purchasable","15":"product-type-simple","16":"entry","17":"content-bg","18":"loop-entry"},"jetpack_sharing_enabled":true,"_links":{"self":[{"href":"https:\/\/www.begonvilhobiveorguevi.com\/index.php?rest_route=\/wp\/v2\/product\/3355","targetHints":{"allow":["GET"]}}],"collection":[{"href":"https:\/\/www.begonvilhobiveorguevi.com\/index.php?rest_route=\/wp\/v2\/product"}],"about":[{"href":"https:\/\/www.begonvilhobiveorguevi.com\/index.php?rest_route=\/wp\/v2\/types\/product"}],"version-history":[{"count":1,"href":"https:\/\/www.begonvilhobiveorguevi.com\/index.php?rest_route=\/wp\/v2\/product\/3355\/revisions"}],"predecessor-version":[{"id":3357,"href":"https:\/\/www.begonvilhobiveorguevi.com\/index.php?rest_route=\/wp\/v2\/product\/3355\/revisions\/3357"}],"wp:featuredmedia":[{"embeddable":true,"href":"https:\/\/www.begonvilhobiveorguevi.com\/index.php?rest_route=\/wp\/v2\/media\/3356"}],"wp:attachment":[{"href":"https:\/\/www.begonvilhobiveorguevi.com\/index.php?rest_route=%2Fwp%2Fv2%2Fmedia&parent=3355"}],"wp:term":[{"taxonomy":"product_brand","embeddable":true,"href":"https:\/\/www.begonvilhobiveorguevi.com\/index.php?rest_route=%2Fwp%2Fv2%2Fproduct_brand&post=3355"},{"taxonomy":"product_cat","embeddable":true,"href":"https:\/\/www.begonvilhobiveorguevi.com\/index.php?rest_route=%2Fwp%2Fv2%2Fproduct_cat&post=3355"},{"taxonomy":"product_tag","embeddable":true,"href":"https:\/\/www.begonvilhobiveorguevi.com\/index.php?rest_route=%2Fwp%2Fv2%2Fproduct_tag&post=3355"},{"taxonomy":"product_brands","embeddable":true,"href":"https:\/\/www.begonvilhobiveorguevi.com\/index.php?rest_route=%2Fwp%2Fv2%2Fproduct_brands&post=3355"}],"curies":[{"name":"wp","href":"https:\/\/api.w.org\/{rel}","templated":true}]}}