{"id":3151,"date":"2025-06-05T00:25:58","date_gmt":"2025-06-04T21:25:58","guid":{"rendered":"https:\/\/www.begonvilhobiveorguevi.com\/?post_type=product&#038;p=3151"},"modified":"2025-06-05T00:27:48","modified_gmt":"2025-06-04T21:27:48","slug":"tulip-etimo-mind-yumusak-sapli-yun-tig-no5-5-mm","status":"publish","type":"product","link":"https:\/\/www.begonvilhobiveorguevi.com\/?product=tulip-etimo-mind-yumusak-sapli-yun-tig-no5-5-mm","title":{"rendered":"Tulip Etimo Mind Yumu\u015fak Sapl\u0131 Y\u00fcn T\u0131\u011f No:5.5 mm"},"content":{"rendered":"<ul class=\"a-unordered-list a-vertical a-spacing-mini\">\n<li class=\"a-spacing-mini\"><span class=\"a-list-item\">Materyal: Silikon sapl\u0131 y\u00fcn t\u0131\u011f\u0131, elinizin yorulmas\u0131n\u0131 \u00f6nler<\/span><\/li>\n<li class=\"a-spacing-mini\"><span class=\"a-list-item\">\u00d6l\u00e7\u00fc: 5.5 mm, dikkat \u00e7ekici klasik \u00f6rg\u00fcler i\u00e7in uygun<\/span><\/li>\n<li class=\"a-spacing-mini\"><span class=\"a-list-item\">Kullan\u0131m Alan\u0131: T\u0131\u011f \u00f6rg\u00fcs\u00fcnde, keyifle \u00f6rg\u00fc \u00f6rmenizi sa\u011flar<\/span><\/li>\n<li class=\"a-spacing-mini\"><span class=\"a-list-item\">\u00dcr\u00fcn \u00d6zelli\u011fi: P\u00fcr\u00fczs\u00fcz, sa\u011flam ve kolay kullan\u0131m<\/span><\/li>\n<li class=\"a-spacing-mini\"><span class=\"a-list-item\">Kullan\u0131m Alan\u0131: \u00d6rg\u00fc \u00f6m\u00fcrl\u00fc\u011f\u00fc, t\u00fcm kullan\u0131c\u0131lar i\u00e7in pop\u00fcler<\/span><\/li>\n<\/ul>\n<p>&nbsp;<\/p>\n","protected":false},"excerpt":{"rendered":"<p>Tulip Etimo Mind Yumu\u015fak Sapl\u0131 Y\u00fcn T\u0131\u011f no:5.5 mm<\/p>\n<p>Malzeme:Silikon<\/p>\n<p>%100 Orjinal<\/p>\n","protected":false},"featured_media":3152,"template":"","meta":{"_bst_post_transparent":"default","_bst_post_title":"","_bst_post_layout":"default","_bst_post_sidebar_id":"","_bst_post_content_style":"default","_bst_post_vertical_padding":"default","_bst_post_feature":"","_bst_post_feature_position":"","_bst_post_header":false,"_bst_post_footer":false},"product_brand":[131],"product_cat":[119],"product_tag":[],"product_brands":[],"class_list":{"0":"post-3151","1":"product","2":"type-product","3":"status-publish","4":"has-post-thumbnail","6":"product_brand-tulip","7":"product_cat-tiglar","9":"first","10":"instock","11":"sale","12":"taxable","13":"shipping-taxable","14":"purchasable","15":"product-type-simple","16":"entry","17":"content-bg","18":"loop-entry"},"jetpack_sharing_enabled":true,"_links":{"self":[{"href":"https:\/\/www.begonvilhobiveorguevi.com\/index.php?rest_route=\/wp\/v2\/product\/3151","targetHints":{"allow":["GET"]}}],"collection":[{"href":"https:\/\/www.begonvilhobiveorguevi.com\/index.php?rest_route=\/wp\/v2\/product"}],"about":[{"href":"https:\/\/www.begonvilhobiveorguevi.com\/index.php?rest_route=\/wp\/v2\/types\/product"}],"version-history":[{"count":1,"href":"https:\/\/www.begonvilhobiveorguevi.com\/index.php?rest_route=\/wp\/v2\/product\/3151\/revisions"}],"predecessor-version":[{"id":3153,"href":"https:\/\/www.begonvilhobiveorguevi.com\/index.php?rest_route=\/wp\/v2\/product\/3151\/revisions\/3153"}],"wp:featuredmedia":[{"embeddable":true,"href":"https:\/\/www.begonvilhobiveorguevi.com\/index.php?rest_route=\/wp\/v2\/media\/3152"}],"wp:attachment":[{"href":"https:\/\/www.begonvilhobiveorguevi.com\/index.php?rest_route=%2Fwp%2Fv2%2Fmedia&parent=3151"}],"wp:term":[{"taxonomy":"product_brand","embeddable":true,"href":"https:\/\/www.begonvilhobiveorguevi.com\/index.php?rest_route=%2Fwp%2Fv2%2Fproduct_brand&post=3151"},{"taxonomy":"product_cat","embeddable":true,"href":"https:\/\/www.begonvilhobiveorguevi.com\/index.php?rest_route=%2Fwp%2Fv2%2Fproduct_cat&post=3151"},{"taxonomy":"product_tag","embeddable":true,"href":"https:\/\/www.begonvilhobiveorguevi.com\/index.php?rest_route=%2Fwp%2Fv2%2Fproduct_tag&post=3151"},{"taxonomy":"product_brands","embeddable":true,"href":"https:\/\/www.begonvilhobiveorguevi.com\/index.php?rest_route=%2Fwp%2Fv2%2Fproduct_brands&post=3151"}],"curies":[{"name":"wp","href":"https:\/\/api.w.org\/{rel}","templated":true}]}}