{"id":3025,"date":"2025-06-01T17:35:41","date_gmt":"2025-06-01T14:35:41","guid":{"rendered":"https:\/\/www.begonvilhobiveorguevi.com\/?post_type=product&#038;p=3025"},"modified":"2026-02-09T14:44:28","modified_gmt":"2026-02-09T11:44:28","slug":"moly-organik-rafya-25-turuncu","status":"publish","type":"product","link":"https:\/\/www.begonvilhobiveorguevi.com\/?product=moly-organik-rafya-25-turuncu","title":{"rendered":"Moly Organik Rafya &#8211; 25 Turuncu"},"content":{"rendered":"\t\t<div data-elementor-type=\"wp-post\" data-elementor-id=\"3025\" class=\"elementor elementor-3025\">\n\t\t\t\t<div class=\"elementor-element elementor-element-2d835 e-flex e-con-boxed e-con e-parent\" data-id=\"2d835\" data-element_type=\"container\">\n\t\t\t\t\t<div class=\"e-con-inner\">\n\t\t\t\t<div class=\"elementor-element elementor-element-7fc3f677 elementor-widget elementor-widget-text-editor\" data-id=\"7fc3f677\" data-element_type=\"widget\" data-widget_type=\"text-editor.default\">\n\t\t\t\t<div class=\"elementor-widget-container\">\n\t\t\t\t\t\t\t\t\t<ul>\n \t<li>\u00c7anta, c\u00fczdan, telefon k\u0131l\u0131f\u0131, kemer, \u015fapka, supla, runner, k\u0131rlent, duvar aynas\u0131, \u00e7e\u015fitli sepetler, duvar tabaklar\u0131 ve paketleme \u00fcr\u00fcnlerinin tamam\u0131nda kullan\u0131labilir.<\/li>\n \t<li><strong>Kar\u0131\u015f\u0131m:\u00a0<\/strong>%100 Paper<strong>\n\n<\/strong><\/li>\n \t<li><strong>Metraj:\u00a0<\/strong>100 Gr \/ 160 Mt.<strong>\n<\/strong><\/li>\n \t<li><strong>\u015ei\u015f:\u00a0<\/strong>2.5-3<strong>\n<\/strong><strong>\n<\/strong><\/li>\n \t<li><strong>T\u0131\u011f:\u00a0<\/strong>2.5-3\n<strong>\n<\/strong><\/li>\n \t<li><strong>Sezon:\u00a0<\/strong>\u0130lkbahar, yaz, sonbahar, k\u0131\u015f<\/li>\n<\/ul>\t\t\t\t\t\t\t\t<\/div>\n\t\t\t\t<\/div>\n\t\t\t\t\t<\/div>\n\t\t\t\t<\/div>\n\t\t\t\t<\/div>\n\t\t","protected":false},"excerpt":{"rendered":"<ul>\n<li>\u00c7anta, c\u00fczdan, telefon k\u0131l\u0131f\u0131, kemer, \u015fapka, supla, runner, k\u0131rlent, duvar aynas\u0131, \u00e7e\u015fitli sepetler, duvar tabaklar\u0131 ve paketleme \u00fcr\u00fcnlerinin tamam\u0131nda kullan\u0131labilir<\/li>\n<\/ul>\n","protected":false},"featured_media":3026,"template":"","meta":{"_bst_post_transparent":"default","_bst_post_title":"","_bst_post_layout":"default","_bst_post_sidebar_id":"","_bst_post_content_style":"default","_bst_post_vertical_padding":"default","_bst_post_feature":"","_bst_post_feature_position":"","_bst_post_header":false,"_bst_post_footer":false},"product_brand":[123],"product_cat":[44,102],"product_tag":[128,124,127,126,125,129],"product_brands":[],"class_list":{"0":"post-3025","1":"product","2":"type-product","3":"status-publish","4":"has-post-thumbnail","6":"product_brand-moly","7":"product_cat-iplikler","8":"product_cat-rafya-kagit-ipler","9":"product_tag-canta","10":"product_tag-iplik","11":"product_tag-kagit","12":"product_tag-kagit-iplik","13":"product_tag-rafya","14":"product_tag-sapka","16":"first","17":"instock","18":"sale","19":"featured","20":"taxable","21":"shipping-taxable","22":"purchasable","23":"product-type-simple","24":"entry","25":"content-bg","26":"loop-entry"},"jetpack_sharing_enabled":true,"_links":{"self":[{"href":"https:\/\/www.begonvilhobiveorguevi.com\/index.php?rest_route=\/wp\/v2\/product\/3025","targetHints":{"allow":["GET"]}}],"collection":[{"href":"https:\/\/www.begonvilhobiveorguevi.com\/index.php?rest_route=\/wp\/v2\/product"}],"about":[{"href":"https:\/\/www.begonvilhobiveorguevi.com\/index.php?rest_route=\/wp\/v2\/types\/product"}],"version-history":[{"count":1,"href":"https:\/\/www.begonvilhobiveorguevi.com\/index.php?rest_route=\/wp\/v2\/product\/3025\/revisions"}],"predecessor-version":[{"id":3027,"href":"https:\/\/www.begonvilhobiveorguevi.com\/index.php?rest_route=\/wp\/v2\/product\/3025\/revisions\/3027"}],"wp:featuredmedia":[{"embeddable":true,"href":"https:\/\/www.begonvilhobiveorguevi.com\/index.php?rest_route=\/wp\/v2\/media\/3026"}],"wp:attachment":[{"href":"https:\/\/www.begonvilhobiveorguevi.com\/index.php?rest_route=%2Fwp%2Fv2%2Fmedia&parent=3025"}],"wp:term":[{"taxonomy":"product_brand","embeddable":true,"href":"https:\/\/www.begonvilhobiveorguevi.com\/index.php?rest_route=%2Fwp%2Fv2%2Fproduct_brand&post=3025"},{"taxonomy":"product_cat","embeddable":true,"href":"https:\/\/www.begonvilhobiveorguevi.com\/index.php?rest_route=%2Fwp%2Fv2%2Fproduct_cat&post=3025"},{"taxonomy":"product_tag","embeddable":true,"href":"https:\/\/www.begonvilhobiveorguevi.com\/index.php?rest_route=%2Fwp%2Fv2%2Fproduct_tag&post=3025"},{"taxonomy":"product_brands","embeddable":true,"href":"https:\/\/www.begonvilhobiveorguevi.com\/index.php?rest_route=%2Fwp%2Fv2%2Fproduct_brands&post=3025"}],"curies":[{"name":"wp","href":"https:\/\/api.w.org\/{rel}","templated":true}]}}